{"id":2796,"date":"2024-03-02T03:05:19","date_gmt":"2024-03-02T03:05:19","guid":{"rendered":"https:\/\/cafentity.com\/product\/libbey-15248-vaso-gibraltar-4-5oz-cortadito-36-caja\/"},"modified":"2024-03-02T03:05:19","modified_gmt":"2024-03-02T03:05:19","slug":"libbey-15248-vaso-gibraltar-4-5oz-cortadito-36-caja","status":"publish","type":"product","link":"https:\/\/cafentity.com\/es\/producto\/libbey-15248-vaso-gibraltar-4-5oz-cortadito-36-caja\/","title":{"rendered":"Libbey 15248 Vaso Gibraltar 4.5oz Cortadito 36\/Caja"},"content":{"rendered":"<p>Libbey Original Gibraltar-Cortadito 4.5oz 36\/Caja<\/p>\n","protected":false},"excerpt":{"rendered":"<p>Libbey Original Gibraltar-Cortadito 4.5oz 36\/Caja<\/p>\n","protected":false},"featured_media":1947,"comment_status":"open","ping_status":"closed","template":"","meta":{"wprm-recipe-roundup-name":"","wprm-recipe-roundup-description":""},"product_brand":[],"product_cat":[165,161],"product_tag":[178,181,187,186,188,179,180,182,183,184,185],"class_list":{"0":"post-2796","1":"product","2":"type-product","3":"status-publish","4":"has-post-thumbnail","6":"product_cat-gibraltar","7":"product_cat-taza","8":"product_tag-arabica","9":"product_tag-cafe-molido","10":"product_tag-cortadito","11":"product_tag-cortado","12":"product_tag-gibraltar","13":"product_tag-granos-de-cafe","14":"product_tag-granos-de-cafe-verde","15":"product_tag-robusta","16":"product_tag-t-shirt","17":"product_tag-taza-de-cafe","18":"product_tag-tazas","20":"first","21":"outofstock","22":"shipping-taxable","23":"purchasable","24":"product-type-simple"},"yoast_head":"<!-- This site is optimized with the Yoast SEO plugin v27.3 - https:\/\/yoast.com\/product\/yoast-seo-wordpress\/ -->\n<title>Libbey 15248 Vaso Gibraltar 4.5oz Cortadito 36\/Caja | Cafentity<\/title>\n<meta name=\"robots\" content=\"index, follow, max-snippet:-1, max-image-preview:large, max-video-preview:-1\" \/>\n<link rel=\"canonical\" href=\"https:\/\/cafentity.com\/es\/producto\/libbey-15248-vaso-gibraltar-4-5oz-cortadito-36-caja\/\" \/>\n<meta property=\"og:locale\" content=\"es_ES\" \/>\n<meta property=\"og:type\" content=\"article\" \/>\n<meta property=\"og:title\" content=\"Gibraltar Cortadito Glass 4.5oz | Enjoy Your Coffee Like A Barista\" \/>\n<meta property=\"og:description\" content=\"\u00abDescubre la elegancia atemporal de la cristaler\u00eda Libbey Gibraltar. Elaborados con calidad duradera, nuestros vasos Gibraltar ofrecen una claridad y resistencia excepcionales para cualquier ocasi\u00f3n. Eleva tu experiencia de caf\u00e9 con el dise\u00f1o cl\u00e1sico y la artesan\u00eda superior de Libbey.\u00bb\" \/>\n<meta property=\"og:url\" content=\"https:\/\/cafentity.com\/es\/producto\/libbey-15248-vaso-gibraltar-4-5oz-cortadito-36-caja\/\" \/>\n<meta property=\"og:site_name\" content=\"Cafentity\" \/>\n<meta property=\"article:publisher\" content=\"https:\/\/facebook.com\/lecafecito\" \/>\n<meta property=\"og:image\" content=\"https:\/\/cafentity.com\/wp-content\/uploads\/2024\/03\/Le-Cafecito-Gibraltar-Cortadito-4.5Social-300x300.webp\" \/>\n<meta name=\"twitter:card\" content=\"summary_large_image\" \/>\n<meta name=\"twitter:title\" content=\"Gibraltar Cortadito Glass 4.5oz | Enjoy Your Coffee Like A Barista\" \/>\n<meta name=\"twitter:description\" content=\"\u00abDescubre la elegancia atemporal de la cristaler\u00eda Libbey Gibraltar. Elaborados con calidad duradera, nuestros vasos Gibraltar ofrecen una claridad y resistencia excepcionales para cualquier ocasi\u00f3n. Eleva tu experiencia de caf\u00e9 con el dise\u00f1o cl\u00e1sico y la artesan\u00eda superior de Libbey.\u00bb\" \/>\n<meta name=\"twitter:image\" content=\"https:\/\/cafentity.com\/wp-content\/uploads\/2024\/03\/Le-Cafecito-Gibraltar-Cortadito-4.5Social.webp\" \/>\n<script type=\"application\/ld+json\" class=\"yoast-schema-graph\">{\"@context\":\"https:\\\/\\\/schema.org\",\"@graph\":[{\"@type\":\"WebPage\",\"@id\":\"https:\\\/\\\/cafentity.com\\\/es\\\/producto\\\/libbey-15248-vaso-gibraltar-4-5oz-cortadito-36-caja\\\/\",\"url\":\"https:\\\/\\\/cafentity.com\\\/es\\\/producto\\\/libbey-15248-vaso-gibraltar-4-5oz-cortadito-36-caja\\\/\",\"name\":\"Libbey 15248 Vaso Gibraltar 4.5oz Cortadito 36\\\/Caja | Cafentity\",\"isPartOf\":{\"@id\":\"https:\\\/\\\/cafentity.com\\\/es\\\/#website\"},\"primaryImageOfPage\":{\"@id\":\"https:\\\/\\\/cafentity.com\\\/es\\\/producto\\\/libbey-15248-vaso-gibraltar-4-5oz-cortadito-36-caja\\\/#primaryimage\"},\"image\":{\"@id\":\"https:\\\/\\\/cafentity.com\\\/es\\\/producto\\\/libbey-15248-vaso-gibraltar-4-5oz-cortadito-36-caja\\\/#primaryimage\"},\"thumbnailUrl\":\"https:\\\/\\\/cafentity.com\\\/wp-content\\\/uploads\\\/2024\\\/03\\\/Le-Cafecito-Gibraltar-Cortadito-2.webp\",\"datePublished\":\"2024-03-02T03:05:19+00:00\",\"breadcrumb\":{\"@id\":\"https:\\\/\\\/cafentity.com\\\/es\\\/producto\\\/libbey-15248-vaso-gibraltar-4-5oz-cortadito-36-caja\\\/#breadcrumb\"},\"inLanguage\":\"es\",\"potentialAction\":[{\"@type\":\"ReadAction\",\"target\":[\"https:\\\/\\\/cafentity.com\\\/es\\\/producto\\\/libbey-15248-vaso-gibraltar-4-5oz-cortadito-36-caja\\\/\"]}]},{\"@type\":\"ImageObject\",\"inLanguage\":\"es\",\"@id\":\"https:\\\/\\\/cafentity.com\\\/es\\\/producto\\\/libbey-15248-vaso-gibraltar-4-5oz-cortadito-36-caja\\\/#primaryimage\",\"url\":\"https:\\\/\\\/cafentity.com\\\/wp-content\\\/uploads\\\/2024\\\/03\\\/Le-Cafecito-Gibraltar-Cortadito-2.webp\",\"contentUrl\":\"https:\\\/\\\/cafentity.com\\\/wp-content\\\/uploads\\\/2024\\\/03\\\/Le-Cafecito-Gibraltar-Cortadito-2.webp\",\"width\":900,\"height\":900},{\"@type\":\"BreadcrumbList\",\"@id\":\"https:\\\/\\\/cafentity.com\\\/es\\\/producto\\\/libbey-15248-vaso-gibraltar-4-5oz-cortadito-36-caja\\\/#breadcrumb\",\"itemListElement\":[{\"@type\":\"ListItem\",\"position\":1,\"name\":\"Home\",\"item\":\"https:\\\/\\\/cafentity.com\\\/es\\\/\"},{\"@type\":\"ListItem\",\"position\":2,\"name\":\"Tienda\",\"item\":\"https:\\\/\\\/cafentity.com\\\/es\\\/tienda\\\/\"},{\"@type\":\"ListItem\",\"position\":3,\"name\":\"Libbey 15248 Vaso Gibraltar 4.5oz Cortadito 36\\\/Caja\"}]},{\"@type\":\"WebSite\",\"@id\":\"https:\\\/\\\/cafentity.com\\\/es\\\/#website\",\"url\":\"https:\\\/\\\/cafentity.com\\\/es\\\/\",\"name\":\"Le Cafecito\",\"description\":\"Fresh Roasted &amp; Green Coffee\",\"publisher\":{\"@id\":\"https:\\\/\\\/cafentity.com\\\/es\\\/#organization\"},\"potentialAction\":[{\"@type\":\"SearchAction\",\"target\":{\"@type\":\"EntryPoint\",\"urlTemplate\":\"https:\\\/\\\/cafentity.com\\\/es\\\/?s={search_term_string}\"},\"query-input\":{\"@type\":\"PropertyValueSpecification\",\"valueRequired\":true,\"valueName\":\"search_term_string\"}}],\"inLanguage\":\"es\"},{\"@type\":\"Organization\",\"@id\":\"https:\\\/\\\/cafentity.com\\\/es\\\/#organization\",\"name\":\"Le Cafecito\",\"url\":\"https:\\\/\\\/cafentity.com\\\/es\\\/\",\"logo\":{\"@type\":\"ImageObject\",\"inLanguage\":\"es\",\"@id\":\"https:\\\/\\\/cafentity.com\\\/es\\\/#\\\/schema\\\/logo\\\/image\\\/\",\"url\":\"https:\\\/\\\/cafentity.com\\\/wp-content\\\/uploads\\\/2024\\\/02\\\/Le-Cafecito-Logo-New.webp\",\"contentUrl\":\"https:\\\/\\\/cafentity.com\\\/wp-content\\\/uploads\\\/2024\\\/02\\\/Le-Cafecito-Logo-New.webp\",\"width\":200,\"height\":344,\"caption\":\"Le Cafecito\"},\"image\":{\"@id\":\"https:\\\/\\\/cafentity.com\\\/es\\\/#\\\/schema\\\/logo\\\/image\\\/\"},\"sameAs\":[\"https:\\\/\\\/facebook.com\\\/lecafecito\",\"https:\\\/\\\/instagram.com\\\/lecafecito\"]}]}<\/script>\n<!-- \/ Yoast SEO plugin. -->","yoast_head_json":{"title":"Libbey 15248 Vaso Gibraltar 4.5oz Cortadito 36\/Caja | Cafentity","robots":{"index":"index","follow":"follow","max-snippet":"max-snippet:-1","max-image-preview":"max-image-preview:large","max-video-preview":"max-video-preview:-1"},"canonical":"https:\/\/cafentity.com\/es\/producto\/libbey-15248-vaso-gibraltar-4-5oz-cortadito-36-caja\/","og_locale":"es_ES","og_type":"article","og_title":"Gibraltar Cortadito Glass 4.5oz | Enjoy Your Coffee Like A Barista","og_description":"\u00abDescubre la elegancia atemporal de la cristaler\u00eda Libbey Gibraltar. Elaborados con calidad duradera, nuestros vasos Gibraltar ofrecen una claridad y resistencia excepcionales para cualquier ocasi\u00f3n. Eleva tu experiencia de caf\u00e9 con el dise\u00f1o cl\u00e1sico y la artesan\u00eda superior de Libbey.\u00bb","og_url":"https:\/\/cafentity.com\/es\/producto\/libbey-15248-vaso-gibraltar-4-5oz-cortadito-36-caja\/","og_site_name":"Cafentity","article_publisher":"https:\/\/facebook.com\/lecafecito","og_image":[{"url":"https:\/\/cafentity.com\/wp-content\/uploads\/2024\/03\/Le-Cafecito-Gibraltar-Cortadito-4.5Social-300x300.webp","type":"","width":"","height":""}],"twitter_card":"summary_large_image","twitter_title":"Gibraltar Cortadito Glass 4.5oz | Enjoy Your Coffee Like A Barista","twitter_description":"\u00abDescubre la elegancia atemporal de la cristaler\u00eda Libbey Gibraltar. Elaborados con calidad duradera, nuestros vasos Gibraltar ofrecen una claridad y resistencia excepcionales para cualquier ocasi\u00f3n. Eleva tu experiencia de caf\u00e9 con el dise\u00f1o cl\u00e1sico y la artesan\u00eda superior de Libbey.\u00bb","twitter_image":"https:\/\/cafentity.com\/wp-content\/uploads\/2024\/03\/Le-Cafecito-Gibraltar-Cortadito-4.5Social.webp","schema":{"@context":"https:\/\/schema.org","@graph":[{"@type":"WebPage","@id":"https:\/\/cafentity.com\/es\/producto\/libbey-15248-vaso-gibraltar-4-5oz-cortadito-36-caja\/","url":"https:\/\/cafentity.com\/es\/producto\/libbey-15248-vaso-gibraltar-4-5oz-cortadito-36-caja\/","name":"Libbey 15248 Vaso Gibraltar 4.5oz Cortadito 36\/Caja | Cafentity","isPartOf":{"@id":"https:\/\/cafentity.com\/es\/#website"},"primaryImageOfPage":{"@id":"https:\/\/cafentity.com\/es\/producto\/libbey-15248-vaso-gibraltar-4-5oz-cortadito-36-caja\/#primaryimage"},"image":{"@id":"https:\/\/cafentity.com\/es\/producto\/libbey-15248-vaso-gibraltar-4-5oz-cortadito-36-caja\/#primaryimage"},"thumbnailUrl":"https:\/\/cafentity.com\/wp-content\/uploads\/2024\/03\/Le-Cafecito-Gibraltar-Cortadito-2.webp","datePublished":"2024-03-02T03:05:19+00:00","breadcrumb":{"@id":"https:\/\/cafentity.com\/es\/producto\/libbey-15248-vaso-gibraltar-4-5oz-cortadito-36-caja\/#breadcrumb"},"inLanguage":"es","potentialAction":[{"@type":"ReadAction","target":["https:\/\/cafentity.com\/es\/producto\/libbey-15248-vaso-gibraltar-4-5oz-cortadito-36-caja\/"]}]},{"@type":"ImageObject","inLanguage":"es","@id":"https:\/\/cafentity.com\/es\/producto\/libbey-15248-vaso-gibraltar-4-5oz-cortadito-36-caja\/#primaryimage","url":"https:\/\/cafentity.com\/wp-content\/uploads\/2024\/03\/Le-Cafecito-Gibraltar-Cortadito-2.webp","contentUrl":"https:\/\/cafentity.com\/wp-content\/uploads\/2024\/03\/Le-Cafecito-Gibraltar-Cortadito-2.webp","width":900,"height":900},{"@type":"BreadcrumbList","@id":"https:\/\/cafentity.com\/es\/producto\/libbey-15248-vaso-gibraltar-4-5oz-cortadito-36-caja\/#breadcrumb","itemListElement":[{"@type":"ListItem","position":1,"name":"Home","item":"https:\/\/cafentity.com\/es\/"},{"@type":"ListItem","position":2,"name":"Tienda","item":"https:\/\/cafentity.com\/es\/tienda\/"},{"@type":"ListItem","position":3,"name":"Libbey 15248 Vaso Gibraltar 4.5oz Cortadito 36\/Caja"}]},{"@type":"WebSite","@id":"https:\/\/cafentity.com\/es\/#website","url":"https:\/\/cafentity.com\/es\/","name":"Le Cafecito","description":"Fresh Roasted &amp; Green Coffee","publisher":{"@id":"https:\/\/cafentity.com\/es\/#organization"},"potentialAction":[{"@type":"SearchAction","target":{"@type":"EntryPoint","urlTemplate":"https:\/\/cafentity.com\/es\/?s={search_term_string}"},"query-input":{"@type":"PropertyValueSpecification","valueRequired":true,"valueName":"search_term_string"}}],"inLanguage":"es"},{"@type":"Organization","@id":"https:\/\/cafentity.com\/es\/#organization","name":"Le Cafecito","url":"https:\/\/cafentity.com\/es\/","logo":{"@type":"ImageObject","inLanguage":"es","@id":"https:\/\/cafentity.com\/es\/#\/schema\/logo\/image\/","url":"https:\/\/cafentity.com\/wp-content\/uploads\/2024\/02\/Le-Cafecito-Logo-New.webp","contentUrl":"https:\/\/cafentity.com\/wp-content\/uploads\/2024\/02\/Le-Cafecito-Logo-New.webp","width":200,"height":344,"caption":"Le Cafecito"},"image":{"@id":"https:\/\/cafentity.com\/es\/#\/schema\/logo\/image\/"},"sameAs":["https:\/\/facebook.com\/lecafecito","https:\/\/instagram.com\/lecafecito"]}]}},"_links":{"self":[{"href":"https:\/\/cafentity.com\/es\/wp-json\/wp\/v2\/product\/2796","targetHints":{"allow":["GET"]}}],"collection":[{"href":"https:\/\/cafentity.com\/es\/wp-json\/wp\/v2\/product"}],"about":[{"href":"https:\/\/cafentity.com\/es\/wp-json\/wp\/v2\/types\/product"}],"replies":[{"embeddable":true,"href":"https:\/\/cafentity.com\/es\/wp-json\/wp\/v2\/comments?post=2796"}],"wp:featuredmedia":[{"embeddable":true,"href":"https:\/\/cafentity.com\/es\/wp-json\/wp\/v2\/media\/1947"}],"wp:attachment":[{"href":"https:\/\/cafentity.com\/es\/wp-json\/wp\/v2\/media?parent=2796"}],"wp:term":[{"taxonomy":"product_brand","embeddable":true,"href":"https:\/\/cafentity.com\/es\/wp-json\/wp\/v2\/product_brand?post=2796"},{"taxonomy":"product_cat","embeddable":true,"href":"https:\/\/cafentity.com\/es\/wp-json\/wp\/v2\/product_cat?post=2796"},{"taxonomy":"product_tag","embeddable":true,"href":"https:\/\/cafentity.com\/es\/wp-json\/wp\/v2\/product_tag?post=2796"}],"curies":[{"name":"wp","href":"https:\/\/api.w.org\/{rel}","templated":true}]}}