{"id":2800,"date":"2024-03-02T02:55:16","date_gmt":"2024-03-02T02:55:16","guid":{"rendered":"https:\/\/cafentity.com\/product\/taza-de-cafe-le-cafecito\/"},"modified":"2024-03-02T02:55:16","modified_gmt":"2024-03-02T02:55:16","slug":"taza-de-cafe-le-cafecito","status":"publish","type":"product","link":"https:\/\/cafentity.com\/es\/producto\/taza-de-cafe-le-cafecito\/","title":{"rendered":"Taza de Caf\u00e9 Le Cafecito"},"content":{"rendered":"<p>Taza de Caf\u00e9 Original Le Cafecito<\/p>\n","protected":false},"excerpt":{"rendered":"<p>Taza de Caf\u00e9 Original Le Cafecito<\/p>\n","protected":false},"featured_media":2257,"comment_status":"open","ping_status":"closed","template":"","meta":{"wprm-recipe-roundup-name":"","wprm-recipe-roundup-description":""},"product_brand":[],"product_cat":[162],"product_tag":[178,181,179,180,182,183,184,185],"class_list":{"0":"post-2800","1":"product","2":"type-product","3":"status-publish","4":"has-post-thumbnail","6":"product_cat-taza-latte","7":"product_tag-arabica","8":"product_tag-cafe-molido","9":"product_tag-granos-de-cafe","10":"product_tag-granos-de-cafe-verde","11":"product_tag-robusta","12":"product_tag-t-shirt","13":"product_tag-taza-de-cafe","14":"product_tag-tazas","16":"first","17":"outofstock","18":"shipping-taxable","19":"purchasable","20":"product-type-simple"},"yoast_head":"<!-- This site is optimized with the Yoast SEO plugin v27.3 - https:\/\/yoast.com\/product\/yoast-seo-wordpress\/ -->\n<title>Taza de Caf\u00e9 Le Cafecito | Cafentity<\/title>\n<meta name=\"robots\" content=\"index, follow, max-snippet:-1, max-image-preview:large, max-video-preview:-1\" \/>\n<link rel=\"canonical\" href=\"https:\/\/cafentity.com\/es\/producto\/taza-de-cafe-le-cafecito\/\" \/>\n<meta property=\"og:locale\" content=\"es_ES\" \/>\n<meta property=\"og:type\" content=\"article\" \/>\n<meta property=\"og:title\" content=\"Taza de Latte Le Cafecito | Disfruta el Aroma del Caf\u00e9 de Especialidad\" \/>\n<meta property=\"og:description\" content=\"\u00abDel\u00e9itate con el atractivo arom\u00e1tico del caf\u00e9 de especialidad con nuestras tazas de latte originales, dise\u00f1adas para el barista exigente e impregnadas de elegancia, lujo y encanto.\u00bb\" \/>\n<meta property=\"og:url\" content=\"https:\/\/cafentity.com\/es\/producto\/taza-de-cafe-le-cafecito\/\" \/>\n<meta property=\"og:site_name\" content=\"Cafentity\" \/>\n<meta property=\"article:publisher\" content=\"https:\/\/facebook.com\/lecafecito\" \/>\n<meta property=\"og:image\" content=\"https:\/\/cafentity.com\/wp-content\/uploads\/2024\/03\/Le-Cafecito-Latte-Cup-Social-300x300.webp\" \/>\n<meta name=\"twitter:card\" content=\"summary_large_image\" \/>\n<meta name=\"twitter:title\" content=\"Taza de Latte Le Cafecito | Disfruta el Aroma del Caf\u00e9 de Especialidad\" \/>\n<meta name=\"twitter:description\" content=\"\u00abDel\u00e9itate con el atractivo arom\u00e1tico del caf\u00e9 de especialidad con nuestras tazas de latte originales, dise\u00f1adas para el barista exigente e impregnadas de elegancia, lujo y encanto.\u00bb\" \/>\n<meta name=\"twitter:image\" content=\"https:\/\/cafentity.com\/wp-content\/uploads\/2024\/03\/Le-Cafecito-Latte-Cup-Social.webp\" \/>\n<script type=\"application\/ld+json\" class=\"yoast-schema-graph\">{\"@context\":\"https:\\\/\\\/schema.org\",\"@graph\":[{\"@type\":\"WebPage\",\"@id\":\"https:\\\/\\\/cafentity.com\\\/es\\\/producto\\\/taza-de-cafe-le-cafecito\\\/\",\"url\":\"https:\\\/\\\/cafentity.com\\\/es\\\/producto\\\/taza-de-cafe-le-cafecito\\\/\",\"name\":\"Taza de Caf\u00e9 Le Cafecito | Cafentity\",\"isPartOf\":{\"@id\":\"https:\\\/\\\/cafentity.com\\\/es\\\/#website\"},\"primaryImageOfPage\":{\"@id\":\"https:\\\/\\\/cafentity.com\\\/es\\\/producto\\\/taza-de-cafe-le-cafecito\\\/#primaryimage\"},\"image\":{\"@id\":\"https:\\\/\\\/cafentity.com\\\/es\\\/producto\\\/taza-de-cafe-le-cafecito\\\/#primaryimage\"},\"thumbnailUrl\":\"https:\\\/\\\/cafentity.com\\\/wp-content\\\/uploads\\\/2024\\\/03\\\/Le-Cafecito-Coffee-Cup.webp\",\"datePublished\":\"2024-03-02T02:55:16+00:00\",\"breadcrumb\":{\"@id\":\"https:\\\/\\\/cafentity.com\\\/es\\\/producto\\\/taza-de-cafe-le-cafecito\\\/#breadcrumb\"},\"inLanguage\":\"es\",\"potentialAction\":[{\"@type\":\"ReadAction\",\"target\":[\"https:\\\/\\\/cafentity.com\\\/es\\\/producto\\\/taza-de-cafe-le-cafecito\\\/\"]}]},{\"@type\":\"ImageObject\",\"inLanguage\":\"es\",\"@id\":\"https:\\\/\\\/cafentity.com\\\/es\\\/producto\\\/taza-de-cafe-le-cafecito\\\/#primaryimage\",\"url\":\"https:\\\/\\\/cafentity.com\\\/wp-content\\\/uploads\\\/2024\\\/03\\\/Le-Cafecito-Coffee-Cup.webp\",\"contentUrl\":\"https:\\\/\\\/cafentity.com\\\/wp-content\\\/uploads\\\/2024\\\/03\\\/Le-Cafecito-Coffee-Cup.webp\",\"width\":600,\"height\":600},{\"@type\":\"BreadcrumbList\",\"@id\":\"https:\\\/\\\/cafentity.com\\\/es\\\/producto\\\/taza-de-cafe-le-cafecito\\\/#breadcrumb\",\"itemListElement\":[{\"@type\":\"ListItem\",\"position\":1,\"name\":\"Home\",\"item\":\"https:\\\/\\\/cafentity.com\\\/es\\\/\"},{\"@type\":\"ListItem\",\"position\":2,\"name\":\"Tienda\",\"item\":\"https:\\\/\\\/cafentity.com\\\/es\\\/tienda\\\/\"},{\"@type\":\"ListItem\",\"position\":3,\"name\":\"Taza de Caf\u00e9 Le Cafecito\"}]},{\"@type\":\"WebSite\",\"@id\":\"https:\\\/\\\/cafentity.com\\\/es\\\/#website\",\"url\":\"https:\\\/\\\/cafentity.com\\\/es\\\/\",\"name\":\"Le Cafecito\",\"description\":\"Fresh Roasted &amp; Green Coffee\",\"publisher\":{\"@id\":\"https:\\\/\\\/cafentity.com\\\/es\\\/#organization\"},\"potentialAction\":[{\"@type\":\"SearchAction\",\"target\":{\"@type\":\"EntryPoint\",\"urlTemplate\":\"https:\\\/\\\/cafentity.com\\\/es\\\/?s={search_term_string}\"},\"query-input\":{\"@type\":\"PropertyValueSpecification\",\"valueRequired\":true,\"valueName\":\"search_term_string\"}}],\"inLanguage\":\"es\"},{\"@type\":\"Organization\",\"@id\":\"https:\\\/\\\/cafentity.com\\\/es\\\/#organization\",\"name\":\"Le Cafecito\",\"url\":\"https:\\\/\\\/cafentity.com\\\/es\\\/\",\"logo\":{\"@type\":\"ImageObject\",\"inLanguage\":\"es\",\"@id\":\"https:\\\/\\\/cafentity.com\\\/es\\\/#\\\/schema\\\/logo\\\/image\\\/\",\"url\":\"https:\\\/\\\/cafentity.com\\\/wp-content\\\/uploads\\\/2024\\\/02\\\/Le-Cafecito-Logo-New.webp\",\"contentUrl\":\"https:\\\/\\\/cafentity.com\\\/wp-content\\\/uploads\\\/2024\\\/02\\\/Le-Cafecito-Logo-New.webp\",\"width\":200,\"height\":344,\"caption\":\"Le Cafecito\"},\"image\":{\"@id\":\"https:\\\/\\\/cafentity.com\\\/es\\\/#\\\/schema\\\/logo\\\/image\\\/\"},\"sameAs\":[\"https:\\\/\\\/facebook.com\\\/lecafecito\",\"https:\\\/\\\/instagram.com\\\/lecafecito\"]}]}<\/script>\n<!-- \/ Yoast SEO plugin. -->","yoast_head_json":{"title":"Taza de Caf\u00e9 Le Cafecito | Cafentity","robots":{"index":"index","follow":"follow","max-snippet":"max-snippet:-1","max-image-preview":"max-image-preview:large","max-video-preview":"max-video-preview:-1"},"canonical":"https:\/\/cafentity.com\/es\/producto\/taza-de-cafe-le-cafecito\/","og_locale":"es_ES","og_type":"article","og_title":"Taza de Latte Le Cafecito | Disfruta el Aroma del Caf\u00e9 de Especialidad","og_description":"\u00abDel\u00e9itate con el atractivo arom\u00e1tico del caf\u00e9 de especialidad con nuestras tazas de latte originales, dise\u00f1adas para el barista exigente e impregnadas de elegancia, lujo y encanto.\u00bb","og_url":"https:\/\/cafentity.com\/es\/producto\/taza-de-cafe-le-cafecito\/","og_site_name":"Cafentity","article_publisher":"https:\/\/facebook.com\/lecafecito","og_image":[{"url":"https:\/\/cafentity.com\/wp-content\/uploads\/2024\/03\/Le-Cafecito-Latte-Cup-Social-300x300.webp","type":"","width":"","height":""}],"twitter_card":"summary_large_image","twitter_title":"Taza de Latte Le Cafecito | Disfruta el Aroma del Caf\u00e9 de Especialidad","twitter_description":"\u00abDel\u00e9itate con el atractivo arom\u00e1tico del caf\u00e9 de especialidad con nuestras tazas de latte originales, dise\u00f1adas para el barista exigente e impregnadas de elegancia, lujo y encanto.\u00bb","twitter_image":"https:\/\/cafentity.com\/wp-content\/uploads\/2024\/03\/Le-Cafecito-Latte-Cup-Social.webp","schema":{"@context":"https:\/\/schema.org","@graph":[{"@type":"WebPage","@id":"https:\/\/cafentity.com\/es\/producto\/taza-de-cafe-le-cafecito\/","url":"https:\/\/cafentity.com\/es\/producto\/taza-de-cafe-le-cafecito\/","name":"Taza de Caf\u00e9 Le Cafecito | Cafentity","isPartOf":{"@id":"https:\/\/cafentity.com\/es\/#website"},"primaryImageOfPage":{"@id":"https:\/\/cafentity.com\/es\/producto\/taza-de-cafe-le-cafecito\/#primaryimage"},"image":{"@id":"https:\/\/cafentity.com\/es\/producto\/taza-de-cafe-le-cafecito\/#primaryimage"},"thumbnailUrl":"https:\/\/cafentity.com\/wp-content\/uploads\/2024\/03\/Le-Cafecito-Coffee-Cup.webp","datePublished":"2024-03-02T02:55:16+00:00","breadcrumb":{"@id":"https:\/\/cafentity.com\/es\/producto\/taza-de-cafe-le-cafecito\/#breadcrumb"},"inLanguage":"es","potentialAction":[{"@type":"ReadAction","target":["https:\/\/cafentity.com\/es\/producto\/taza-de-cafe-le-cafecito\/"]}]},{"@type":"ImageObject","inLanguage":"es","@id":"https:\/\/cafentity.com\/es\/producto\/taza-de-cafe-le-cafecito\/#primaryimage","url":"https:\/\/cafentity.com\/wp-content\/uploads\/2024\/03\/Le-Cafecito-Coffee-Cup.webp","contentUrl":"https:\/\/cafentity.com\/wp-content\/uploads\/2024\/03\/Le-Cafecito-Coffee-Cup.webp","width":600,"height":600},{"@type":"BreadcrumbList","@id":"https:\/\/cafentity.com\/es\/producto\/taza-de-cafe-le-cafecito\/#breadcrumb","itemListElement":[{"@type":"ListItem","position":1,"name":"Home","item":"https:\/\/cafentity.com\/es\/"},{"@type":"ListItem","position":2,"name":"Tienda","item":"https:\/\/cafentity.com\/es\/tienda\/"},{"@type":"ListItem","position":3,"name":"Taza de Caf\u00e9 Le Cafecito"}]},{"@type":"WebSite","@id":"https:\/\/cafentity.com\/es\/#website","url":"https:\/\/cafentity.com\/es\/","name":"Le Cafecito","description":"Fresh Roasted &amp; Green Coffee","publisher":{"@id":"https:\/\/cafentity.com\/es\/#organization"},"potentialAction":[{"@type":"SearchAction","target":{"@type":"EntryPoint","urlTemplate":"https:\/\/cafentity.com\/es\/?s={search_term_string}"},"query-input":{"@type":"PropertyValueSpecification","valueRequired":true,"valueName":"search_term_string"}}],"inLanguage":"es"},{"@type":"Organization","@id":"https:\/\/cafentity.com\/es\/#organization","name":"Le Cafecito","url":"https:\/\/cafentity.com\/es\/","logo":{"@type":"ImageObject","inLanguage":"es","@id":"https:\/\/cafentity.com\/es\/#\/schema\/logo\/image\/","url":"https:\/\/cafentity.com\/wp-content\/uploads\/2024\/02\/Le-Cafecito-Logo-New.webp","contentUrl":"https:\/\/cafentity.com\/wp-content\/uploads\/2024\/02\/Le-Cafecito-Logo-New.webp","width":200,"height":344,"caption":"Le Cafecito"},"image":{"@id":"https:\/\/cafentity.com\/es\/#\/schema\/logo\/image\/"},"sameAs":["https:\/\/facebook.com\/lecafecito","https:\/\/instagram.com\/lecafecito"]}]}},"_links":{"self":[{"href":"https:\/\/cafentity.com\/es\/wp-json\/wp\/v2\/product\/2800","targetHints":{"allow":["GET"]}}],"collection":[{"href":"https:\/\/cafentity.com\/es\/wp-json\/wp\/v2\/product"}],"about":[{"href":"https:\/\/cafentity.com\/es\/wp-json\/wp\/v2\/types\/product"}],"replies":[{"embeddable":true,"href":"https:\/\/cafentity.com\/es\/wp-json\/wp\/v2\/comments?post=2800"}],"wp:featuredmedia":[{"embeddable":true,"href":"https:\/\/cafentity.com\/es\/wp-json\/wp\/v2\/media\/2257"}],"wp:attachment":[{"href":"https:\/\/cafentity.com\/es\/wp-json\/wp\/v2\/media?parent=2800"}],"wp:term":[{"taxonomy":"product_brand","embeddable":true,"href":"https:\/\/cafentity.com\/es\/wp-json\/wp\/v2\/product_brand?post=2800"},{"taxonomy":"product_cat","embeddable":true,"href":"https:\/\/cafentity.com\/es\/wp-json\/wp\/v2\/product_cat?post=2800"},{"taxonomy":"product_tag","embeddable":true,"href":"https:\/\/cafentity.com\/es\/wp-json\/wp\/v2\/product_tag?post=2800"}],"curies":[{"name":"wp","href":"https:\/\/api.w.org\/{rel}","templated":true}]}}