{"id":2822,"date":"2024-02-01T02:38:47","date_gmt":"2024-02-01T02:38:47","guid":{"rendered":"https:\/\/cafentity.com\/product\/cafe-molido-arabica\/"},"modified":"2024-02-01T02:38:47","modified_gmt":"2024-02-01T02:38:47","slug":"cafe-molido-arabica","status":"publish","type":"product","link":"https:\/\/cafentity.com\/es\/producto\/cafe-molido-arabica\/","title":{"rendered":"Caf\u00e9 Molido Ar\u00e1bica"},"content":{"rendered":"<p>Caf\u00e9 Molido 100% Ar\u00e1bica<\/p>\n","protected":false},"excerpt":{"rendered":"<p>Caf\u00e9 Molido 100% Ar\u00e1bica Una Libra<\/p>\n","protected":false},"featured_media":1858,"comment_status":"open","ping_status":"closed","template":"","meta":{"wprm-recipe-roundup-name":"","wprm-recipe-roundup-description":""},"product_brand":[],"product_cat":[163],"product_tag":[178,181,179,180,182],"class_list":{"0":"post-2822","1":"product","2":"type-product","3":"status-publish","4":"has-post-thumbnail","6":"product_cat-cafe-molido","7":"product_tag-arabica","8":"product_tag-cafe-molido","9":"product_tag-granos-de-cafe","10":"product_tag-granos-de-cafe-verde","11":"product_tag-robusta","13":"first","14":"outofstock","15":"shipping-taxable","16":"purchasable","17":"product-type-simple"},"yoast_head":"<!-- This site is optimized with the Yoast SEO plugin v27.3 - https:\/\/yoast.com\/product\/yoast-seo-wordpress\/ -->\n<title>Caf\u00e9 Molido Ar\u00e1bica | Cafentity<\/title>\n<meta name=\"robots\" content=\"index, follow, max-snippet:-1, max-image-preview:large, max-video-preview:-1\" \/>\n<link rel=\"canonical\" href=\"https:\/\/cafentity.com\/es\/producto\/cafe-molido-arabica\/\" \/>\n<meta property=\"og:locale\" content=\"es_ES\" \/>\n<meta property=\"og:type\" content=\"article\" \/>\n<meta property=\"og:title\" content=\"Caf\u00e9 Molido Ar\u00e1bica | Cafentity\" \/>\n<meta property=\"og:description\" content=\"Caf\u00e9 Molido 100% Ar\u00e1bica Una Libra\" \/>\n<meta property=\"og:url\" content=\"https:\/\/cafentity.com\/es\/producto\/cafe-molido-arabica\/\" \/>\n<meta property=\"og:site_name\" content=\"Cafentity\" \/>\n<meta property=\"article:publisher\" content=\"https:\/\/facebook.com\/lecafecito\" \/>\n<meta property=\"og:image\" content=\"https:\/\/cafentity.com\/wp-content\/uploads\/2024\/02\/Arabica-Ground-Transparent.webp\" \/>\n\t<meta property=\"og:image:width\" content=\"900\" \/>\n\t<meta property=\"og:image:height\" content=\"900\" \/>\n\t<meta property=\"og:image:type\" content=\"image\/webp\" \/>\n<meta name=\"twitter:card\" content=\"summary_large_image\" \/>\n<script type=\"application\/ld+json\" class=\"yoast-schema-graph\">{\"@context\":\"https:\\\/\\\/schema.org\",\"@graph\":[{\"@type\":\"WebPage\",\"@id\":\"https:\\\/\\\/cafentity.com\\\/es\\\/producto\\\/cafe-molido-arabica\\\/\",\"url\":\"https:\\\/\\\/cafentity.com\\\/es\\\/producto\\\/cafe-molido-arabica\\\/\",\"name\":\"Caf\u00e9 Molido Ar\u00e1bica | Cafentity\",\"isPartOf\":{\"@id\":\"https:\\\/\\\/cafentity.com\\\/es\\\/#website\"},\"primaryImageOfPage\":{\"@id\":\"https:\\\/\\\/cafentity.com\\\/es\\\/producto\\\/cafe-molido-arabica\\\/#primaryimage\"},\"image\":{\"@id\":\"https:\\\/\\\/cafentity.com\\\/es\\\/producto\\\/cafe-molido-arabica\\\/#primaryimage\"},\"thumbnailUrl\":\"https:\\\/\\\/cafentity.com\\\/wp-content\\\/uploads\\\/2024\\\/02\\\/Arabica-Ground-Transparent.webp\",\"datePublished\":\"2024-02-01T02:38:47+00:00\",\"breadcrumb\":{\"@id\":\"https:\\\/\\\/cafentity.com\\\/es\\\/producto\\\/cafe-molido-arabica\\\/#breadcrumb\"},\"inLanguage\":\"es\",\"potentialAction\":[{\"@type\":\"ReadAction\",\"target\":[\"https:\\\/\\\/cafentity.com\\\/es\\\/producto\\\/cafe-molido-arabica\\\/\"]}]},{\"@type\":\"ImageObject\",\"inLanguage\":\"es\",\"@id\":\"https:\\\/\\\/cafentity.com\\\/es\\\/producto\\\/cafe-molido-arabica\\\/#primaryimage\",\"url\":\"https:\\\/\\\/cafentity.com\\\/wp-content\\\/uploads\\\/2024\\\/02\\\/Arabica-Ground-Transparent.webp\",\"contentUrl\":\"https:\\\/\\\/cafentity.com\\\/wp-content\\\/uploads\\\/2024\\\/02\\\/Arabica-Ground-Transparent.webp\",\"width\":900,\"height\":900},{\"@type\":\"BreadcrumbList\",\"@id\":\"https:\\\/\\\/cafentity.com\\\/es\\\/producto\\\/cafe-molido-arabica\\\/#breadcrumb\",\"itemListElement\":[{\"@type\":\"ListItem\",\"position\":1,\"name\":\"Home\",\"item\":\"https:\\\/\\\/cafentity.com\\\/es\\\/\"},{\"@type\":\"ListItem\",\"position\":2,\"name\":\"Tienda\",\"item\":\"https:\\\/\\\/cafentity.com\\\/es\\\/tienda\\\/\"},{\"@type\":\"ListItem\",\"position\":3,\"name\":\"Caf\u00e9 Molido Ar\u00e1bica\"}]},{\"@type\":\"WebSite\",\"@id\":\"https:\\\/\\\/cafentity.com\\\/es\\\/#website\",\"url\":\"https:\\\/\\\/cafentity.com\\\/es\\\/\",\"name\":\"Le Cafecito\",\"description\":\"Fresh Roasted &amp; Green Coffee\",\"publisher\":{\"@id\":\"https:\\\/\\\/cafentity.com\\\/es\\\/#organization\"},\"potentialAction\":[{\"@type\":\"SearchAction\",\"target\":{\"@type\":\"EntryPoint\",\"urlTemplate\":\"https:\\\/\\\/cafentity.com\\\/es\\\/?s={search_term_string}\"},\"query-input\":{\"@type\":\"PropertyValueSpecification\",\"valueRequired\":true,\"valueName\":\"search_term_string\"}}],\"inLanguage\":\"es\"},{\"@type\":\"Organization\",\"@id\":\"https:\\\/\\\/cafentity.com\\\/es\\\/#organization\",\"name\":\"Le Cafecito\",\"url\":\"https:\\\/\\\/cafentity.com\\\/es\\\/\",\"logo\":{\"@type\":\"ImageObject\",\"inLanguage\":\"es\",\"@id\":\"https:\\\/\\\/cafentity.com\\\/es\\\/#\\\/schema\\\/logo\\\/image\\\/\",\"url\":\"https:\\\/\\\/cafentity.com\\\/wp-content\\\/uploads\\\/2024\\\/02\\\/Le-Cafecito-Logo-New.webp\",\"contentUrl\":\"https:\\\/\\\/cafentity.com\\\/wp-content\\\/uploads\\\/2024\\\/02\\\/Le-Cafecito-Logo-New.webp\",\"width\":200,\"height\":344,\"caption\":\"Le Cafecito\"},\"image\":{\"@id\":\"https:\\\/\\\/cafentity.com\\\/es\\\/#\\\/schema\\\/logo\\\/image\\\/\"},\"sameAs\":[\"https:\\\/\\\/facebook.com\\\/lecafecito\",\"https:\\\/\\\/instagram.com\\\/lecafecito\"]}]}<\/script>\n<!-- \/ Yoast SEO plugin. -->","yoast_head_json":{"title":"Caf\u00e9 Molido Ar\u00e1bica | Cafentity","robots":{"index":"index","follow":"follow","max-snippet":"max-snippet:-1","max-image-preview":"max-image-preview:large","max-video-preview":"max-video-preview:-1"},"canonical":"https:\/\/cafentity.com\/es\/producto\/cafe-molido-arabica\/","og_locale":"es_ES","og_type":"article","og_title":"Caf\u00e9 Molido Ar\u00e1bica | Cafentity","og_description":"Caf\u00e9 Molido 100% Ar\u00e1bica Una Libra","og_url":"https:\/\/cafentity.com\/es\/producto\/cafe-molido-arabica\/","og_site_name":"Cafentity","article_publisher":"https:\/\/facebook.com\/lecafecito","og_image":[{"width":900,"height":900,"url":"https:\/\/cafentity.com\/wp-content\/uploads\/2024\/02\/Arabica-Ground-Transparent.webp","type":"image\/webp"}],"twitter_card":"summary_large_image","schema":{"@context":"https:\/\/schema.org","@graph":[{"@type":"WebPage","@id":"https:\/\/cafentity.com\/es\/producto\/cafe-molido-arabica\/","url":"https:\/\/cafentity.com\/es\/producto\/cafe-molido-arabica\/","name":"Caf\u00e9 Molido Ar\u00e1bica | Cafentity","isPartOf":{"@id":"https:\/\/cafentity.com\/es\/#website"},"primaryImageOfPage":{"@id":"https:\/\/cafentity.com\/es\/producto\/cafe-molido-arabica\/#primaryimage"},"image":{"@id":"https:\/\/cafentity.com\/es\/producto\/cafe-molido-arabica\/#primaryimage"},"thumbnailUrl":"https:\/\/cafentity.com\/wp-content\/uploads\/2024\/02\/Arabica-Ground-Transparent.webp","datePublished":"2024-02-01T02:38:47+00:00","breadcrumb":{"@id":"https:\/\/cafentity.com\/es\/producto\/cafe-molido-arabica\/#breadcrumb"},"inLanguage":"es","potentialAction":[{"@type":"ReadAction","target":["https:\/\/cafentity.com\/es\/producto\/cafe-molido-arabica\/"]}]},{"@type":"ImageObject","inLanguage":"es","@id":"https:\/\/cafentity.com\/es\/producto\/cafe-molido-arabica\/#primaryimage","url":"https:\/\/cafentity.com\/wp-content\/uploads\/2024\/02\/Arabica-Ground-Transparent.webp","contentUrl":"https:\/\/cafentity.com\/wp-content\/uploads\/2024\/02\/Arabica-Ground-Transparent.webp","width":900,"height":900},{"@type":"BreadcrumbList","@id":"https:\/\/cafentity.com\/es\/producto\/cafe-molido-arabica\/#breadcrumb","itemListElement":[{"@type":"ListItem","position":1,"name":"Home","item":"https:\/\/cafentity.com\/es\/"},{"@type":"ListItem","position":2,"name":"Tienda","item":"https:\/\/cafentity.com\/es\/tienda\/"},{"@type":"ListItem","position":3,"name":"Caf\u00e9 Molido Ar\u00e1bica"}]},{"@type":"WebSite","@id":"https:\/\/cafentity.com\/es\/#website","url":"https:\/\/cafentity.com\/es\/","name":"Le Cafecito","description":"Fresh Roasted &amp; Green Coffee","publisher":{"@id":"https:\/\/cafentity.com\/es\/#organization"},"potentialAction":[{"@type":"SearchAction","target":{"@type":"EntryPoint","urlTemplate":"https:\/\/cafentity.com\/es\/?s={search_term_string}"},"query-input":{"@type":"PropertyValueSpecification","valueRequired":true,"valueName":"search_term_string"}}],"inLanguage":"es"},{"@type":"Organization","@id":"https:\/\/cafentity.com\/es\/#organization","name":"Le Cafecito","url":"https:\/\/cafentity.com\/es\/","logo":{"@type":"ImageObject","inLanguage":"es","@id":"https:\/\/cafentity.com\/es\/#\/schema\/logo\/image\/","url":"https:\/\/cafentity.com\/wp-content\/uploads\/2024\/02\/Le-Cafecito-Logo-New.webp","contentUrl":"https:\/\/cafentity.com\/wp-content\/uploads\/2024\/02\/Le-Cafecito-Logo-New.webp","width":200,"height":344,"caption":"Le Cafecito"},"image":{"@id":"https:\/\/cafentity.com\/es\/#\/schema\/logo\/image\/"},"sameAs":["https:\/\/facebook.com\/lecafecito","https:\/\/instagram.com\/lecafecito"]}]}},"_links":{"self":[{"href":"https:\/\/cafentity.com\/es\/wp-json\/wp\/v2\/product\/2822","targetHints":{"allow":["GET"]}}],"collection":[{"href":"https:\/\/cafentity.com\/es\/wp-json\/wp\/v2\/product"}],"about":[{"href":"https:\/\/cafentity.com\/es\/wp-json\/wp\/v2\/types\/product"}],"replies":[{"embeddable":true,"href":"https:\/\/cafentity.com\/es\/wp-json\/wp\/v2\/comments?post=2822"}],"wp:featuredmedia":[{"embeddable":true,"href":"https:\/\/cafentity.com\/es\/wp-json\/wp\/v2\/media\/1858"}],"wp:attachment":[{"href":"https:\/\/cafentity.com\/es\/wp-json\/wp\/v2\/media?parent=2822"}],"wp:term":[{"taxonomy":"product_brand","embeddable":true,"href":"https:\/\/cafentity.com\/es\/wp-json\/wp\/v2\/product_brand?post=2822"},{"taxonomy":"product_cat","embeddable":true,"href":"https:\/\/cafentity.com\/es\/wp-json\/wp\/v2\/product_cat?post=2822"},{"taxonomy":"product_tag","embeddable":true,"href":"https:\/\/cafentity.com\/es\/wp-json\/wp\/v2\/product_tag?post=2822"}],"curies":[{"name":"wp","href":"https:\/\/api.w.org\/{rel}","templated":true}]}}